{"id":113,"date":"2023-11-07T17:50:26","date_gmt":"2023-11-07T17:50:26","guid":{"rendered":"https:\/\/wp.xoap.io\/?page_id=113"},"modified":"2025-03-13T13:51:36","modified_gmt":"2025-03-13T12:51:36","slug":"legal-notice","status":"publish","type":"page","link":"https:\/\/xoap.io\/fr\/legal-notice\/","title":{"rendered":"Avis juridique"},"content":{"rendered":"<div data-elementor-type=\"wp-page\" data-elementor-id=\"113\" class=\"elementor elementor-113\" data-elementor-post-type=\"page\">\n\t\t\t\t<div class=\"elementor-element elementor-element-e7cd5d3 e-flex e-con-boxed e-con e-parent\" data-id=\"e7cd5d3\" data-element_type=\"container\" data-e-type=\"container\" data-settings=\"{&quot;background_background&quot;:&quot;classic&quot;,&quot;jet_parallax_layout_list&quot;:[]}\">\n\t\t\t\t\t<div class=\"e-con-inner\">\n\t\t<div class=\"elementor-element elementor-element-4e43ec4 e-con-full e-flex e-con e-child\" data-id=\"4e43ec4\" data-element_type=\"container\" data-e-type=\"container\" data-settings=\"{&quot;jet_parallax_layout_list&quot;:[]}\">\n\t\t\t\t<div class=\"elementor-element elementor-element-03becd0 elementor-widget elementor-widget-heading\" data-id=\"03becd0\" data-element_type=\"widget\" data-e-type=\"widget\" data-widget_type=\"heading.default\">\n\t\t\t\t<div class=\"elementor-widget-container\">\n\t\t\t\t\t<h1 class=\"elementor-heading-title elementor-size-default\">Mentions l\u00e9gales (Impressum)<\/h1>\t\t\t\t<\/div>\n\t\t\t\t<\/div>\n\t\t\t\t<div class=\"elementor-element elementor-element-5591e78 elementor-widget elementor-widget-text-editor\" data-id=\"5591e78\" data-element_type=\"widget\" data-e-type=\"widget\" data-widget_type=\"text-editor.default\">\n\t\t\t\t<div class=\"elementor-widget-container\">\n\t\t\t\t\t\t\t\t\t<p>Mise \u00e0 jour 06\/06\/2024<\/p>\t\t\t\t\t\t\t\t<\/div>\n\t\t\t\t<\/div>\n\t\t\t\t<div class=\"elementor-element elementor-element-f6e377f elementor-widget-divider--view-line elementor-widget elementor-widget-divider\" data-id=\"f6e377f\" data-element_type=\"widget\" data-e-type=\"widget\" data-widget_type=\"divider.default\">\n\t\t\t\t<div class=\"elementor-widget-container\">\n\t\t\t\t\t\t\t<div class=\"elementor-divider\">\n\t\t\t<span class=\"elementor-divider-separator\">\n\t\t\t\t\t\t<\/span>\n\t\t<\/div>\n\t\t\t\t\t\t<\/div>\n\t\t\t\t<\/div>\n\t\t\t\t<div class=\"elementor-element elementor-element-adcf9f8 elementor-widget elementor-widget-text-editor\" data-id=\"adcf9f8\" data-element_type=\"widget\" data-e-type=\"widget\" data-widget_type=\"text-editor.default\">\n\t\t\t\t<div class=\"elementor-widget-container\">\n\t\t\t\t\t\t\t\t\t<p><strong>\u00a7 1. fournisseur et responsable du contenu du site web<\/strong><\/p><p>RIS AG<br \/>Werderstra\u00dfe 21<br \/>50672 Cologne, Allemagne<\/p><p>T\u00e9l\u00e9phone : +49 221 643083-0 +49 221 643083-0<br \/>Courriel : info@ris.ag<\/p><p>1. Forme juridique et si\u00e8ge social<br \/><span style=\"font-style: inherit; text-align: var(--text-align);\">Soci\u00e9t\u00e9 anonyme (AG) situ\u00e9e \u00e0 Cologne<\/span><\/p><p>2. Registre du commerce<br \/><span style=\"font-style: inherit; text-align: var(--text-align);\">Tribunal d'enregistrement : Tribunal d'instance de Cologne<br \/><\/span>Num\u00e9ro de registre : HRB 104916<\/p><p>3. Num\u00e9ro d'identification fiscale conform\u00e9ment \u00e0 l'article 27a de l'UStG<br \/>DE815208984<\/p><p>4. Repr\u00e9sentant autoris\u00e9 au sens de l'article 5 DDG (Digitale-Dienste-Gesetz)<br \/>Christian Reineke<\/p><p>5. Conseil d'administration autoris\u00e9<br \/>Christian Reineke (PDG)<br \/>Sinisa Sokolic (CTO)<br \/>Mario Istuk (CSMO)<br \/><span style=\"background-color: transparent; color: var( --e-global-color-f731406 ); text-align: var(--text-align);\">Joanna Reineke (COO)<\/span><\/p><p>6. Pr\u00e9sident du conseil de surveillance<br \/>Ernst-August Filges<\/p><p>7. Responsable au sens de l'article 55, paragraphe 2 Informationspflichten und Informationsrechte (RStV)<\/p><p>Sinisa Sokolic<br \/>Zum Tilmeshof 17<br \/>50859 K\u00f6ln<\/p><p>8. Autorit\u00e9 pour les travailleurs temporaires<br \/>Agentur f\u00fcr Arbeit D\u00fcsseldorf<\/p><p>Direction r\u00e9gionale de Rh\u00e9nanie-du-Nord-Westphalie<br \/>Josef-Gockeln-Stra\u00dfe 7<br \/>40474 D\u00fcsseldorf<\/p><p><strong>\u00a7 2. Droit d'auteur<\/strong><\/p><p>Copyright RIS AG. Tous droits r\u00e9serv\u00e9s.<\/p><p>Le texte, les images, les graphiques, les fichiers sonores, les fichiers d'animation, les fichiers vid\u00e9o et leur disposition sur les sites Internet de RIS AG sont tous soumis au droit d'auteur et \u00e0 d'autres protections de la propri\u00e9t\u00e9 intellectuelle. Ces objets ne peuvent \u00eatre copi\u00e9s \u00e0 des fins commerciales ou de distribution, ni modifi\u00e9s ou transf\u00e9r\u00e9s vers d'autres sites web, applications ou autres contenus num\u00e9riques (ci-apr\u00e8s d\u00e9nomm\u00e9s \"offres num\u00e9riques\"). Certaines offres num\u00e9riques de RIS AG contiennent \u00e9galement du mat\u00e9riel soumis aux droits d'auteur de leurs fournisseurs.<\/p><p>L'utilisation par des tiers des donn\u00e9es de contact publi\u00e9es dans les mentions l\u00e9gales ou d'informations similaires, telles que les adresses, les num\u00e9ros de t\u00e9l\u00e9phone et de t\u00e9l\u00e9copie et les adresses \u00e9lectroniques, dans le but d'envoyer des informations non sollicit\u00e9es n'est pas autoris\u00e9e et est express\u00e9ment interdite par la pr\u00e9sente. Nous nous r\u00e9servons le droit d'intenter une action en justice en cas d'envoi non sollicit\u00e9 d'informations publicitaires, en particulier \u00e0 l'encontre des exp\u00e9diteurs de courriers \u00e9lectroniques non sollicit\u00e9s (\"spam\").<\/p><p>Malgr\u00e9 un contr\u00f4le minutieux du contenu, nous n'assumons aucune responsabilit\u00e9 pour le contenu des liens externes. Les exploitants des pages li\u00e9es sont seuls responsables de leur contenu.<\/p><p>1. Autres sites dans le cadre de la pr\u00e9sente section de l'avis juridique<br \/>Le champ d'application de la pr\u00e9sente section d'avis juridique s'\u00e9tend \u00e9galement aux sites web de m\u00e9dias sociaux suivants :<\/p><p>1.1 Facebook<br \/><a href=\"https:\/\/www.facebook.com\/XOAP.io\/\"><span lang=\"en-US\">https:\/\/www.facebook.com\/XOAP.io<\/span><\/a><\/p><p>1.2 Twitter<br \/><a href=\"https:\/\/twitter.com\/xoap_io\">https:\/\/twitter.com\/xoap_io<\/a><\/p><p>1.3 YouTube<br \/><a href=\"https:\/\/www.youtube.com\/@xoap_io\">https:\/\/www.youtube.com\/@xoap_io<\/a><\/p><p>1.4 LinkedIn<br \/><a href=\"https:\/\/www.linkedin.com\/company\/xoap_io\">https:\/\/www.linkedin.com\/company\/xoap_io<\/a><\/p><p><strong>\u00a7 3. La marque<\/strong><\/p><p><span style=\"font-style: inherit; text-align: var(--text-align);\">Sauf indication contraire, toutes les marques figurant dans les offres num\u00e9riques de RIS AG sont soumises aux droits de marque de RIS AG, notamment en ce qui concerne les plaques d'identification des mod\u00e8les et les logos et embl\u00e8mes de l'entreprise.<\/span><\/p><p><span style=\"font-style: inherit; text-align: var(--text-align);\">\u00a0<\/span><\/p><p><strong>\u00a7 4. Absence de garanties ou de d\u00e9clarations<\/strong><\/p><p>Les informations contenues dans cette offre num\u00e9rique sont fournies par RIS AG \"en l'\u00e9tat\" et, dans la mesure permise par la loi, sans garantie d'aucune sorte, expresse ou implicite, y compris, mais sans s'y limiter, toute garantie implicite de qualit\u00e9 marchande, d'ad\u00e9quation \u00e0 un usage particulier ou d'absence de contrefa\u00e7on. Bien que les informations fournies soient consid\u00e9r\u00e9es comme exactes, elles peuvent contenir des erreurs ou des inexactitudes.<\/p><p>Nos offres num\u00e9riques contiennent des liens vers des sites externes qui ne sont pas sous le contr\u00f4le de RIS AG. Nous ne sommes donc pas responsables du contenu de ces sites. RIS AG ne vous fournit ces liens qu'\u00e0 titre de commodit\u00e9, et l'inclusion d'un lien n'implique pas l'approbation du site li\u00e9 par RIS AG.<\/p><p><strong>\u00a7 5. Informations sur le r\u00e8glement des litiges en ligne<\/strong><\/p><p><span lang=\"en-US\">La Commission europ\u00e9enne a mis en place une plate-forme Internet pour la r\u00e9solution des litiges en ligne (appel\u00e9e \"plate-forme ODR\"). La plateforme ODR est un point d'entr\u00e9e pour les r\u00e9solutions extrajudiciaires relatives aux obligations contractuelles des contrats de vente en ligne. Vous pouvez acc\u00e9der \u00e0 la plate-forme ODR en suivant le lien suivant :\u00a0 <\/span><a href=\"https:\/\/ec.europa.eu\/consumers\/odr\/main\/index.cfm?event=main.home.chooseLanguage\"><span lang=\"de\">https:\/\/ec.europa.eu\/consumers\/odr\/main\/index.cfm?event=main.home.chooseLanguage<\/span><\/a><\/p><p>1. Informations conform\u00e9ment \u00e0 l'article 36 de la Verbraucherstreitbeilegungsgesetz (VSBG)<\/p><p>RIS AG ne participera pas \u00e0 une proc\u00e9dure de r\u00e8glement des litiges devant une commission d'arbitrage des consommateurs conform\u00e9ment \u00e0 la loi allemande sur le r\u00e8glement des litiges de consommation (VSBG) et n'est pas tenu de le faire.<\/p><p><strong>\u00a7 6. Ordre de pr\u00e9s\u00e9ance<\/strong><\/p><p>Les conditions d'utilisation d'une offre num\u00e9rique pr\u00e9valent sur les pr\u00e9sentes mentions l\u00e9gales.<\/p><p><strong style=\"font-style: inherit; text-align: var(--text-align);\">\u00a7 7. Protection des donn\u00e9es<\/strong><\/p><p><span lang=\"en-US\"><a href=\"https:\/\/xoap.io\/fr\/data-protection.html\/\">Protection des donn\u00e9es<\/a><\/span><\/p><p><strong style=\"font-style: inherit; text-align: var(--text-align);\">\u00a7 8. Conditions g\u00e9n\u00e9rales<\/strong><\/p><p><a href=\"https:\/\/www.risconsulting.de\/agb\/\"><span lang=\"en-US\">Conditions g\u00e9n\u00e9rales d'utilisation<\/span><\/a><\/p>\t\t\t\t\t\t\t\t<\/div>\n\t\t\t\t<\/div>\n\t\t\t\t<\/div>\n\t\t<div class=\"elementor-element elementor-element-c23bed1 e-con-full elementor-hidden-tablet elementor-hidden-mobile e-flex e-con e-child\" data-id=\"c23bed1\" data-element_type=\"container\" data-e-type=\"container\" data-settings=\"{&quot;jet_parallax_layout_list&quot;:[]}\">\n\t\t<div class=\"elementor-element elementor-element-56caa81 e-flex e-con-boxed e-con e-child\" data-id=\"56caa81\" data-element_type=\"container\" data-e-type=\"container\" data-settings=\"{&quot;background_background&quot;:&quot;classic&quot;,&quot;jet_parallax_layout_list&quot;:[]}\">\n\t\t\t\t\t<div class=\"e-con-inner\">\n\t\t\t\t<div class=\"elementor-element elementor-element-112e3e1 elementor-widget elementor-widget-image\" data-id=\"112e3e1\" data-element_type=\"widget\" data-e-type=\"widget\" data-widget_type=\"image.default\">\n\t\t\t\t<div class=\"elementor-widget-container\">\n\t\t\t\t\t\t\t\t\t\t\t\t\t\t\t<img decoding=\"async\" width=\"150\" height=\"150\" src=\"https:\/\/xoap.io\/wp-content\/uploads\/2023\/11\/Logo_Full_Color_Star_No_Spacing-150x150.png\" class=\"attachment-thumbnail size-thumbnail wp-image-2198\" alt=\"RIS AG\" srcset=\"https:\/\/xoap.io\/wp-content\/uploads\/2023\/11\/Logo_Full_Color_Star_No_Spacing-150x150.png 150w, https:\/\/xoap.io\/wp-content\/uploads\/2023\/11\/Logo_Full_Color_Star_No_Spacing-300x300.png 300w, https:\/\/xoap.io\/wp-content\/uploads\/2023\/11\/Logo_Full_Color_Star_No_Spacing.png 494w\" sizes=\"(max-width: 150px) 100vw, 150px\" \/>\t\t\t\t\t\t\t\t\t\t\t\t\t\t\t<\/div>\n\t\t\t\t<\/div>\n\t\t\t\t\t<\/div>\n\t\t\t\t<\/div>\n\t\t<div class=\"elementor-element elementor-element-65ff23b e-flex e-con-boxed e-con e-child\" data-id=\"65ff23b\" data-element_type=\"container\" data-e-type=\"container\" data-settings=\"{&quot;jet_parallax_layout_list&quot;:[]}\">\n\t\t\t\t\t<div class=\"e-con-inner\">\n\t\t\t\t\t<\/div>\n\t\t\t\t<\/div>\n\t\t\t\t<\/div>\n\t\t\t\t\t<\/div>\n\t\t\t\t<\/div>\n\t\t<div class=\"elementor-element elementor-element-f0096dd e-flex e-con-boxed e-con e-parent\" data-id=\"f0096dd\" data-element_type=\"container\" data-e-type=\"container\" data-settings=\"{&quot;background_background&quot;:&quot;classic&quot;,&quot;jet_parallax_layout_list&quot;:[]}\">\n\t\t\t\t\t<div class=\"e-con-inner\">\n\t\t<div class=\"elementor-element elementor-element-cc72306 e-con-full e-flex e-con e-child\" data-id=\"cc72306\" data-element_type=\"container\" data-e-type=\"container\" data-settings=\"{&quot;jet_parallax_layout_list&quot;:[]}\">\n\t\t\t\t<div class=\"elementor-element elementor-element-0743f07 elementor-invisible elementor-widget elementor-widget-heading\" data-id=\"0743f07\" data-element_type=\"widget\" data-e-type=\"widget\" data-settings=\"{&quot;_animation&quot;:&quot;fadeInDown&quot;,&quot;_animation_tablet&quot;:&quot;fadeInDown&quot;}\" data-widget_type=\"heading.default\">\n\t\t\t\t<div class=\"elementor-widget-container\">\n\t\t\t\t\t<h2 class=\"elementor-heading-title elementor-size-default\">Nous sommes toujours \u00e0 votre disposition<\/h2>\t\t\t\t<\/div>\n\t\t\t\t<\/div>\n\t\t\t\t<\/div>\n\t\t<div class=\"elementor-element elementor-element-983a52a e-con-full e-flex e-con e-child\" data-id=\"983a52a\" data-element_type=\"container\" data-e-type=\"container\" data-settings=\"{&quot;jet_parallax_layout_list&quot;:[]}\">\n\t\t\t\t<div class=\"elementor-element elementor-element-34acb15 elementor-invisible elementor-widget elementor-widget-button\" data-id=\"34acb15\" data-element_type=\"widget\" data-e-type=\"widget\" data-settings=\"{&quot;_animation&quot;:&quot;fadeInRight&quot;,&quot;_animation_tablet&quot;:&quot;fadeInRight&quot;,&quot;_animation_delay&quot;:600}\" data-widget_type=\"button.default\">\n\t\t\t\t<div class=\"elementor-widget-container\">\n\t\t\t\t\t\t\t\t\t<div class=\"elementor-button-wrapper\">\n\t\t\t\t\t<a class=\"elementor-button elementor-button-link elementor-size-md\" href=\"\/fr\/contact\/\">\n\t\t\t\t\t\t<span class=\"elementor-button-content-wrapper\">\n\t\t\t\t\t\t<span class=\"elementor-button-icon\">\n\t\t\t\t<svg aria-hidden=\"true\" class=\"e-font-icon-svg e-fas-arrow-right\" viewbox=\"0 0 448 512\" xmlns=\"http:\/\/www.w3.org\/2000\/svg\"><path d=\"M190.5 66.9l22.2-22.2c9.4-9.4 24.6-9.4 33.9 0L441 239c9.4 9.4 9.4 24.6 0 33.9L246.6 467.3c-9.4 9.4-24.6 9.4-33.9 0l-22.2-22.2c-9.5-9.5-9.3-25 .4-34.3L311.4 296H24c-13.3 0-24-10.7-24-24v-32c0-13.3 10.7-24 24-24h287.4L190.9 101.2c-9.8-9.3-10-24.8-.4-34.3z\"><\/path><\/svg>\t\t\t<\/span>\n\t\t\t\t\t\t\t\t\t<span class=\"elementor-button-text\">Contactez nous<\/span>\n\t\t\t\t\t<\/span>\n\t\t\t\t\t<\/a>\n\t\t\t\t<\/div>\n\t\t\t\t\t\t\t\t<\/div>\n\t\t\t\t<\/div>\n\t\t\t\t<\/div>\n\t\t\t\t\t<\/div>\n\t\t\t\t<\/div>\n\t\t\t\t<\/div>","protected":false},"excerpt":{"rendered":"<p>Legal Notice (Impressum) Updated 06\/06\/2024 \u00a7 1. Provider and responsible for the content of the website RIS AGWerderstra\u00dfe 2150672 Cologne, Germany Phone: +49 221 643083-0Email: info@ris.ag 1. Legal form and company headquarterStock company (AG) located in Cologne 2. Commercial registerRegister court: District court CologneRegister number: HRB 104916 3. Tax identification number according \u00a7 27a UStGDE815208984 [&hellip;]<\/p>\n","protected":false},"author":4,"featured_media":0,"parent":0,"menu_order":0,"comment_status":"closed","ping_status":"closed","template":"","meta":{"site-sidebar-layout":"no-sidebar","site-content-layout":"","ast-site-content-layout":"full-width-container","site-content-style":"default","site-sidebar-style":"default","ast-global-header-display":"","ast-banner-title-visibility":"","ast-main-header-display":"","ast-hfb-above-header-display":"","ast-hfb-below-header-display":"","ast-hfb-mobile-header-display":"","site-post-title":"disabled","ast-breadcrumbs-content":"","ast-featured-img":"disabled","footer-sml-layout":"","ast-disable-related-posts":"","theme-transparent-header-meta":"default","adv-header-id-meta":"","stick-header-meta":"","header-above-stick-meta":"","header-main-stick-meta":"","header-below-stick-meta":"","astra-migrate-meta-layouts":"set","ast-page-background-enabled":"default","ast-page-background-meta":{"desktop":{"background-color":"var(--ast-global-color-4)","background-image":"","background-repeat":"repeat","background-position":"center center","background-size":"auto","background-attachment":"scroll","background-type":"","background-media":"","overlay-type":"","overlay-color":"","overlay-opacity":"","overlay-gradient":""},"tablet":{"background-color":"","background-image":"","background-repeat":"repeat","background-position":"center center","background-size":"auto","background-attachment":"scroll","background-type":"","background-media":"","overlay-type":"","overlay-color":"","overlay-opacity":"","overlay-gradient":""},"mobile":{"background-color":"","background-image":"","background-repeat":"repeat","background-position":"center center","background-size":"auto","background-attachment":"scroll","background-type":"","background-media":"","overlay-type":"","overlay-color":"","overlay-opacity":"","overlay-gradient":""}},"ast-content-background-meta":{"desktop":{"background-color":"var(--ast-global-color-5)","background-image":"","background-repeat":"repeat","background-position":"center center","background-size":"auto","background-attachment":"scroll","background-type":"","background-media":"","overlay-type":"","overlay-color":"","overlay-opacity":"","overlay-gradient":""},"tablet":{"background-color":"var(--ast-global-color-5)","background-image":"","background-repeat":"repeat","background-position":"center center","background-size":"auto","background-attachment":"scroll","background-type":"","background-media":"","overlay-type":"","overlay-color":"","overlay-opacity":"","overlay-gradient":""},"mobile":{"background-color":"var(--ast-global-color-5)","background-image":"","background-repeat":"repeat","background-position":"center center","background-size":"auto","background-attachment":"scroll","background-type":"","background-media":"","overlay-type":"","overlay-color":"","overlay-opacity":"","overlay-gradient":""}},"footnotes":""},"class_list":["post-113","page","type-page","status-publish","hentry"],"yoast_head":"<!-- This site is optimized with the Yoast SEO plugin v27.1.1 - https:\/\/yoast.com\/product\/yoast-seo-wordpress\/ -->\n<title>Legal notice | XOAP<\/title>\n<meta name=\"description\" content=\"Find XOAP&#039;s information about legal notice here. Everything you need to know before continuing your navigation.\" \/>\n<meta name=\"robots\" content=\"index, follow, max-snippet:-1, max-image-preview:large, max-video-preview:-1\" \/>\n<link rel=\"canonical\" href=\"https:\/\/xoap.io\/fr\/legal-notice\/\" \/>\n<meta property=\"og:locale\" content=\"fr_FR\" \/>\n<meta property=\"og:type\" content=\"article\" \/>\n<meta property=\"og:title\" content=\"Legal notice | XOAP\" \/>\n<meta property=\"og:description\" content=\"Find XOAP&#039;s information about legal notice here. Everything you need to know before continuing your navigation.\" \/>\n<meta property=\"og:url\" content=\"https:\/\/xoap.io\/fr\/legal-notice\/\" \/>\n<meta property=\"og:site_name\" content=\"XOAP\" \/>\n<meta property=\"article:publisher\" content=\"https:\/\/www.facebook.com\/XOAP.io\" \/>\n<meta property=\"article:modified_time\" content=\"2025-03-13T12:51:36+00:00\" \/>\n<meta property=\"og:image\" content=\"https:\/\/xoap.io\/wp-content\/uploads\/2024\/02\/legal-notice.png\" \/>\n\t<meta property=\"og:image:width\" content=\"1024\" \/>\n\t<meta property=\"og:image:height\" content=\"600\" \/>\n\t<meta property=\"og:image:type\" content=\"image\/png\" \/>\n<meta name=\"twitter:card\" content=\"summary_large_image\" \/>\n<meta name=\"twitter:site\" content=\"@xoap_io\" \/>\n<script type=\"application\/ld+json\" class=\"yoast-schema-graph\">{\"@context\":\"https:\/\/schema.org\",\"@graph\":[{\"@type\":\"WebPage\",\"@id\":\"https:\/\/xoap.io\/legal-notice\/\",\"url\":\"https:\/\/xoap.io\/legal-notice\/\",\"name\":\"Legal notice | XOAP\",\"isPartOf\":{\"@id\":\"https:\/\/xoap.io\/#website\"},\"primaryImageOfPage\":{\"@id\":\"https:\/\/xoap.io\/legal-notice\/#primaryimage\"},\"image\":{\"@id\":\"https:\/\/xoap.io\/legal-notice\/#primaryimage\"},\"thumbnailUrl\":\"https:\/\/xoap.io\/wp-content\/uploads\/2023\/11\/Logo_Full_Color_Star_No_Spacing-150x150.png\",\"datePublished\":\"2023-11-07T17:50:26+00:00\",\"dateModified\":\"2025-03-13T12:51:36+00:00\",\"description\":\"Find XOAP's information about legal notice here. Everything you need to know before continuing your navigation.\",\"breadcrumb\":{\"@id\":\"https:\/\/xoap.io\/legal-notice\/#breadcrumb\"},\"inLanguage\":\"fr-FR\",\"potentialAction\":[{\"@type\":\"ReadAction\",\"target\":[\"https:\/\/xoap.io\/legal-notice\/\"]}]},{\"@type\":\"ImageObject\",\"inLanguage\":\"fr-FR\",\"@id\":\"https:\/\/xoap.io\/legal-notice\/#primaryimage\",\"url\":\"https:\/\/xoap.io\/wp-content\/uploads\/2023\/11\/Logo_Full_Color_Star_No_Spacing-150x150.png\",\"contentUrl\":\"https:\/\/xoap.io\/wp-content\/uploads\/2023\/11\/Logo_Full_Color_Star_No_Spacing-150x150.png\"},{\"@type\":\"BreadcrumbList\",\"@id\":\"https:\/\/xoap.io\/legal-notice\/#breadcrumb\",\"itemListElement\":[{\"@type\":\"ListItem\",\"position\":1,\"name\":\"Home\",\"item\":\"https:\/\/xoap.io\/\"},{\"@type\":\"ListItem\",\"position\":2,\"name\":\"Legal Notice\"}]},{\"@type\":\"WebSite\",\"@id\":\"https:\/\/xoap.io\/#website\",\"url\":\"https:\/\/xoap.io\/\",\"name\":\"XOAP\",\"description\":\"Platform for IT infrastructure and workplace automation\",\"publisher\":{\"@id\":\"https:\/\/xoap.io\/#organization\"},\"potentialAction\":[{\"@type\":\"SearchAction\",\"target\":{\"@type\":\"EntryPoint\",\"urlTemplate\":\"https:\/\/xoap.io\/?s={search_term_string}\"},\"query-input\":{\"@type\":\"PropertyValueSpecification\",\"valueRequired\":true,\"valueName\":\"search_term_string\"}}],\"inLanguage\":\"fr-FR\"},{\"@type\":\"Organization\",\"@id\":\"https:\/\/xoap.io\/#organization\",\"name\":\"XOAP\",\"url\":\"https:\/\/xoap.io\/\",\"logo\":{\"@type\":\"ImageObject\",\"inLanguage\":\"fr-FR\",\"@id\":\"https:\/\/xoap.io\/#\/schema\/logo\/image\/\",\"url\":\"https:\/\/xoap.io\/wp-content\/uploads\/2023\/11\/XOAP-no-lettering-transparent_no-boarder.svg\",\"contentUrl\":\"https:\/\/xoap.io\/wp-content\/uploads\/2023\/11\/XOAP-no-lettering-transparent_no-boarder.svg\",\"width\":250,\"height\":90,\"caption\":\"XOAP\"},\"image\":{\"@id\":\"https:\/\/xoap.io\/#\/schema\/logo\/image\/\"},\"sameAs\":[\"https:\/\/www.facebook.com\/XOAP.io\",\"https:\/\/x.com\/xoap_io\",\"https:\/\/www.linkedin.com\/company\/xoap_io\",\"https:\/\/www.youtube.com\/@xoap_io\",\"https:\/\/github.com\/xoap-io\",\"https:\/\/www.instagram.com\/xoap_io\"]}]}<\/script>\n<!-- \/ Yoast SEO plugin. -->","yoast_head_json":{"title":"Legal notice | XOAP","description":"Find XOAP's information about legal notice here. Everything you need to know before continuing your navigation.","robots":{"index":"index","follow":"follow","max-snippet":"max-snippet:-1","max-image-preview":"max-image-preview:large","max-video-preview":"max-video-preview:-1"},"canonical":"https:\/\/xoap.io\/fr\/legal-notice\/","og_locale":"fr_FR","og_type":"article","og_title":"Legal notice | XOAP","og_description":"Find XOAP's information about legal notice here. Everything you need to know before continuing your navigation.","og_url":"https:\/\/xoap.io\/fr\/legal-notice\/","og_site_name":"XOAP","article_publisher":"https:\/\/www.facebook.com\/XOAP.io","article_modified_time":"2025-03-13T12:51:36+00:00","og_image":[{"width":1024,"height":600,"url":"https:\/\/xoap.io\/wp-content\/uploads\/2024\/02\/legal-notice.png","type":"image\/png"}],"twitter_card":"summary_large_image","twitter_site":"@xoap_io","schema":{"@context":"https:\/\/schema.org","@graph":[{"@type":"WebPage","@id":"https:\/\/xoap.io\/legal-notice\/","url":"https:\/\/xoap.io\/legal-notice\/","name":"Legal notice | XOAP","isPartOf":{"@id":"https:\/\/xoap.io\/#website"},"primaryImageOfPage":{"@id":"https:\/\/xoap.io\/legal-notice\/#primaryimage"},"image":{"@id":"https:\/\/xoap.io\/legal-notice\/#primaryimage"},"thumbnailUrl":"https:\/\/xoap.io\/wp-content\/uploads\/2023\/11\/Logo_Full_Color_Star_No_Spacing-150x150.png","datePublished":"2023-11-07T17:50:26+00:00","dateModified":"2025-03-13T12:51:36+00:00","description":"Find XOAP's information about legal notice here. Everything you need to know before continuing your navigation.","breadcrumb":{"@id":"https:\/\/xoap.io\/legal-notice\/#breadcrumb"},"inLanguage":"fr-FR","potentialAction":[{"@type":"ReadAction","target":["https:\/\/xoap.io\/legal-notice\/"]}]},{"@type":"ImageObject","inLanguage":"fr-FR","@id":"https:\/\/xoap.io\/legal-notice\/#primaryimage","url":"https:\/\/xoap.io\/wp-content\/uploads\/2023\/11\/Logo_Full_Color_Star_No_Spacing-150x150.png","contentUrl":"https:\/\/xoap.io\/wp-content\/uploads\/2023\/11\/Logo_Full_Color_Star_No_Spacing-150x150.png"},{"@type":"BreadcrumbList","@id":"https:\/\/xoap.io\/legal-notice\/#breadcrumb","itemListElement":[{"@type":"ListItem","position":1,"name":"Home","item":"https:\/\/xoap.io\/"},{"@type":"ListItem","position":2,"name":"Legal Notice"}]},{"@type":"WebSite","@id":"https:\/\/xoap.io\/#website","url":"https:\/\/xoap.io\/","name":"XOAP","description":"Plate-forme pour l'infrastructure informatique et l'automatisation du lieu de travail","publisher":{"@id":"https:\/\/xoap.io\/#organization"},"potentialAction":[{"@type":"SearchAction","target":{"@type":"EntryPoint","urlTemplate":"https:\/\/xoap.io\/?s={search_term_string}"},"query-input":{"@type":"PropertyValueSpecification","valueRequired":true,"valueName":"search_term_string"}}],"inLanguage":"fr-FR"},{"@type":"Organization","@id":"https:\/\/xoap.io\/#organization","name":"XOAP","url":"https:\/\/xoap.io\/","logo":{"@type":"ImageObject","inLanguage":"fr-FR","@id":"https:\/\/xoap.io\/#\/schema\/logo\/image\/","url":"https:\/\/xoap.io\/wp-content\/uploads\/2023\/11\/XOAP-no-lettering-transparent_no-boarder.svg","contentUrl":"https:\/\/xoap.io\/wp-content\/uploads\/2023\/11\/XOAP-no-lettering-transparent_no-boarder.svg","width":250,"height":90,"caption":"XOAP"},"image":{"@id":"https:\/\/xoap.io\/#\/schema\/logo\/image\/"},"sameAs":["https:\/\/www.facebook.com\/XOAP.io","https:\/\/x.com\/xoap_io","https:\/\/www.linkedin.com\/company\/xoap_io","https:\/\/www.youtube.com\/@xoap_io","https:\/\/github.com\/xoap-io","https:\/\/www.instagram.com\/xoap_io"]}]}},"_links":{"self":[{"href":"https:\/\/xoap.io\/fr\/wp-json\/wp\/v2\/pages\/113","targetHints":{"allow":["GET"]}}],"collection":[{"href":"https:\/\/xoap.io\/fr\/wp-json\/wp\/v2\/pages"}],"about":[{"href":"https:\/\/xoap.io\/fr\/wp-json\/wp\/v2\/types\/page"}],"author":[{"embeddable":true,"href":"https:\/\/xoap.io\/fr\/wp-json\/wp\/v2\/users\/4"}],"replies":[{"embeddable":true,"href":"https:\/\/xoap.io\/fr\/wp-json\/wp\/v2\/comments?post=113"}],"version-history":[{"count":67,"href":"https:\/\/xoap.io\/fr\/wp-json\/wp\/v2\/pages\/113\/revisions"}],"predecessor-version":[{"id":20684,"href":"https:\/\/xoap.io\/fr\/wp-json\/wp\/v2\/pages\/113\/revisions\/20684"}],"wp:attachment":[{"href":"https:\/\/xoap.io\/fr\/wp-json\/wp\/v2\/media?parent=113"}],"curies":[{"name":"wp","href":"https:\/\/api.w.org\/{rel}","templated":true}]}}